{"id":30,"date":"2017-12-01T19:50:18","date_gmt":"2017-12-01T18:50:18","guid":{"rendered":"https:\/\/rsktaborniki.si\/index.php\/mesmerize\/"},"modified":"2026-02-25T23:48:41","modified_gmt":"2026-02-25T22:48:41","slug":"mesmerize","status":"publish","type":"page","link":"https:\/\/rsktaborniki.si\/","title":{"rendered":"Domov"},"content":{"rendered":"<div  id=\"latest_news-1\" class=\"blog-section blog-section-standard content-section content-section-spacing\" style=\"background-color: #f5fafd;\" data-label=\"Latest-news\" data-id=\"latest_news--1\" data-export-id=\"blog-section\" data-category=\"latest_news\">\n<div  class=\"gridContainer\">\n<div  class=\"row\">\n<div  class=\"section-title-col\" data-type=\"column\">\n<h2  class=\"\" style=\"background: transparent; position: relative;\"><span  style=\"color: #000080;\">KURIR\u010cKOVE NOVICE<\/span><\/h2>\n<\/div>\n<\/div>\n<div  class=\"row\">\n<div  data-type=\"row\" data-dynamic-columns=\"handled\" data-content-shortcode=\"mesmerize_latest_news\">\t\t<div class=\"row center-sm content-left-sm\">\n\t\t\t\t\t<div id=\"post-3773\" class=\"col-sm-6 col-md-4 space-bottom space-bottom-xs\">\n\t\t\t\t<div class=\"post-content card y-move bordered\">\n\t\t\t\t\t<div class=\"post-thumbnail\">\n   <a href=\"https:\/\/rsktaborniki.si\/index.php\/2026\/03\/01\/nocna-orientacija-koroske-nok-2026\/\" class=\"post-list-item-thumb \">\n      <img loading=\"lazy\" decoding=\"async\" width=\"1024\" height=\"576\" src=\"https:\/\/rsktaborniki.si\/wp-content\/uploads\/2026\/02\/Modern-Minimalist-Design-Studio-Creative-Brief-Presentation-1-1-1024x576.png\" class=\"attachment-post-thumbnail size-post-thumbnail wp-post-image\" alt=\"\" srcset=\"https:\/\/rsktaborniki.si\/wp-content\/uploads\/2026\/02\/Modern-Minimalist-Design-Studio-Creative-Brief-Presentation-1-1-1024x576.png 1024w, https:\/\/rsktaborniki.si\/wp-content\/uploads\/2026\/02\/Modern-Minimalist-Design-Studio-Creative-Brief-Presentation-1-1-300x169.png 300w, https:\/\/rsktaborniki.si\/wp-content\/uploads\/2026\/02\/Modern-Minimalist-Design-Studio-Creative-Brief-Presentation-1-1-768x432.png 768w, https:\/\/rsktaborniki.si\/wp-content\/uploads\/2026\/02\/Modern-Minimalist-Design-Studio-Creative-Brief-Presentation-1-1-1536x864.png 1536w, https:\/\/rsktaborniki.si\/wp-content\/uploads\/2026\/02\/Modern-Minimalist-Design-Studio-Creative-Brief-Presentation-1-1.png 1920w\" sizes=\"auto, (max-width: 1024px) 100vw, 1024px\" \/>   <\/a>\n<\/div>\n\t\t\t\t\t<div class=\"col-padding col-padding-xs\">\n\t\t\t\t\t\t<h3 class=\"post-title space-bottom-small\">\n\t\t\t\t\t\t\t<a href=\"https:\/\/rsktaborniki.si\/index.php\/2026\/03\/01\/nocna-orientacija-koroske-nok-2026\/\" rel=\"bookmark\">\n\t\t\t\t\t\t\t\tNO\u010cNA ORIENTACIJA KORO\u0160KE &#8211; NOK 2026\t\t\t\t\t\t\t<\/a>\n\t\t\t\t\t\t<\/h3>\n\t\t\t\t\t\t\t\t\t\t\t\t<a class=\"read-more link\" href=\"https:\/\/rsktaborniki.si\/index.php\/2026\/03\/01\/nocna-orientacija-koroske-nok-2026\/\">\n\t\t\t\t\t\t\tRead more\t\t\t\t\t\t<\/a>\n\t\t\t\t\t<\/div>\n\t\t\t\t<\/div>\n\t\t\t<\/div>\n\t\t\t\t\t\t<div id=\"post-3608\" class=\"col-sm-6 col-md-4 space-bottom space-bottom-xs\">\n\t\t\t\t<div class=\"post-content card y-move bordered\">\n\t\t\t\t\t<div class=\"post-thumbnail\">\n   <a href=\"https:\/\/rsktaborniki.si\/index.php\/2026\/01\/12\/prijave-na-zimovanje-2026-so-odprte\/\" class=\"post-list-item-thumb \">\n      <img loading=\"lazy\" decoding=\"async\" width=\"1024\" height=\"724\" src=\"https:\/\/rsktaborniki.si\/wp-content\/uploads\/2026\/01\/oiioio-1024x724.png\" class=\"attachment-post-thumbnail size-post-thumbnail wp-post-image\" alt=\"\" srcset=\"https:\/\/rsktaborniki.si\/wp-content\/uploads\/2026\/01\/oiioio-1024x724.png 1024w, https:\/\/rsktaborniki.si\/wp-content\/uploads\/2026\/01\/oiioio-300x212.png 300w, https:\/\/rsktaborniki.si\/wp-content\/uploads\/2026\/01\/oiioio-768x543.png 768w, https:\/\/rsktaborniki.si\/wp-content\/uploads\/2026\/01\/oiioio-1536x1086.png 1536w, https:\/\/rsktaborniki.si\/wp-content\/uploads\/2026\/01\/oiioio-1528x1080.png 1528w, https:\/\/rsktaborniki.si\/wp-content\/uploads\/2026\/01\/oiioio.png 2000w\" sizes=\"auto, (max-width: 1024px) 100vw, 1024px\" \/>   <\/a>\n<\/div>\n\t\t\t\t\t<div class=\"col-padding col-padding-xs\">\n\t\t\t\t\t\t<h3 class=\"post-title space-bottom-small\">\n\t\t\t\t\t\t\t<a href=\"https:\/\/rsktaborniki.si\/index.php\/2026\/01\/12\/prijave-na-zimovanje-2026-so-odprte\/\" rel=\"bookmark\">\n\t\t\t\t\t\t\t\tPrijave na zimovanje 2026 so odprte!\t\t\t\t\t\t\t<\/a>\n\t\t\t\t\t\t<\/h3>\n\t\t\t\t\t\t<p>Taborniki Rodu Severni kurir se tudi letos odpravljamo na ve\u010ddnevno zimovanje, ki\u00a0bo letos potekalo na\u00a0Zavr\u0161ah and Mislinjo,\u00a0med 13. in 15. februarjem.\u00a0\u00a0Na zimovanju bomo u\u017eivali v razli\u010dnih aktivnostih, prav tako kot[&hellip;]<\/p>\n\t\t\t\t\t\t<a class=\"read-more link\" href=\"https:\/\/rsktaborniki.si\/index.php\/2026\/01\/12\/prijave-na-zimovanje-2026-so-odprte\/\">\n\t\t\t\t\t\t\tRead more\t\t\t\t\t\t<\/a>\n\t\t\t\t\t<\/div>\n\t\t\t\t<\/div>\n\t\t\t<\/div>\n\t\t\t\t\t\t<div id=\"post-3582\" class=\"col-sm-6 col-md-4 space-bottom space-bottom-xs\">\n\t\t\t\t<div class=\"post-content card y-move bordered\">\n\t\t\t\t\t<div class=\"post-thumbnail\">\n   <a href=\"https:\/\/rsktaborniki.si\/index.php\/2025\/12\/04\/3582\/\" class=\"post-list-item-thumb \">\n      <img loading=\"lazy\" decoding=\"async\" width=\"625\" height=\"625\" src=\"https:\/\/rsktaborniki.si\/wp-content\/uploads\/2025\/12\/Podpri-Drustvo-tabornikov-Rod-Severni-kurir-Slovenj-Gradec-in-nam-nameni-do-1-dohodnine.-1.png\" class=\"attachment-post-thumbnail size-post-thumbnail wp-post-image\" alt=\"\" srcset=\"https:\/\/rsktaborniki.si\/wp-content\/uploads\/2025\/12\/Podpri-Drustvo-tabornikov-Rod-Severni-kurir-Slovenj-Gradec-in-nam-nameni-do-1-dohodnine.-1.png 625w, https:\/\/rsktaborniki.si\/wp-content\/uploads\/2025\/12\/Podpri-Drustvo-tabornikov-Rod-Severni-kurir-Slovenj-Gradec-in-nam-nameni-do-1-dohodnine.-1-300x300.png 300w, https:\/\/rsktaborniki.si\/wp-content\/uploads\/2025\/12\/Podpri-Drustvo-tabornikov-Rod-Severni-kurir-Slovenj-Gradec-in-nam-nameni-do-1-dohodnine.-1-150x150.png 150w\" sizes=\"auto, (max-width: 625px) 100vw, 625px\" \/>   <\/a>\n<\/div>\n\t\t\t\t\t<div class=\"col-padding col-padding-xs\">\n\t\t\t\t\t\t<h3 class=\"post-title space-bottom-small\">\n\t\t\t\t\t\t\t<a href=\"https:\/\/rsktaborniki.si\/index.php\/2025\/12\/04\/3582\/\" rel=\"bookmark\">\n\t\t\t\t\t\t\t\tNameni do 1% dohodnine Dru\u0161tvu tabornikov Rod Severni kurir Slovenj Gradec<gwmw style=\"display:none;\"><\/gwmw><gwmw style=\"display:none;\"><\/gwmw>\t\t\t\t\t\t\t<\/a>\n\t\t\t\t\t\t<\/h3>\n\t\t\t\t\t\t<p>Vsak od nas ima mo\u017enost, da z majhno gesto podpre organizacije, ki ustvarjajo pomembne spremembe. Del svoje dohodnine lahko namenite tistim, ki s svojim delom pomagamo ljudem, skupnostim ali naravi.[&hellip;]<\/p>\n\t\t\t\t\t\t<a class=\"read-more link\" href=\"https:\/\/rsktaborniki.si\/index.php\/2025\/12\/04\/3582\/\">\n\t\t\t\t\t\t\tRead more\t\t\t\t\t\t<\/a>\n\t\t\t\t\t<\/div>\n\t\t\t\t<\/div>\n\t\t\t<\/div>\n\t\t\t\t<\/div>\n\t<\/div>\n<\/div>\n<div  class=\"row\">\n<div  class=\"text-center\"><a  class=\"button color1\" href=\"https:\/\/rsktaborniki.si\/index.php\/novice\/\" data-attr-shortcode=\"href:mesmerize_blog_link\">Klikni za ve\u010d novic<\/a><\/div>\n<\/div>\n<\/div>\n<\/div><div  id=\"portfoliogalerijag-1\" class=\"portfolio-4 content-section content-section-spacing-top\" style=\"background-color: #f5fafd;\" data-label=\"PortfolioGalerijaG\" data-id=\"portfolio-4\" data-export-id=\"portfolio-4\" data-category=\"portfolio\">\n<div  class=\"\">\n<div  class=\"row text-center\">\n<div  class=\"section-title-col\" data-type=\"column\">\n<h2  class=\"\" style=\"background: transparent; position: relative;\"><span  style=\"color: #000080;\">KURIR\u010cKOVA GALERIJA<\/span><\/h2>\n<p  class=\"lead\">Slike iz preteklih akcij. S klikom na <i  class=\"fa icon fa-search\" style=\"font-size: 1em; color: #3c424f;\" aria-hidden=\"true\"><\/i> se vam bo odprl album, kjer se nahja ve\u010d slik.<\/p>\n\n<\/div>\n<\/div>\n<div  class=\"row\" data-type=\"row\">\n<div  class=\"col-xs-12 col-sm-3 no-gutter-col col-md-3\">\n<div  class=\"contentswap-effect\" data-hover-fx=\"portfolio-4\">\n<div  class=\"initial-image\"><img  decoding=\"async\" src=\"https:\/\/rsktaborniki.si\/wp-content\/uploads\/2025\/11\/cropped-cropped-1.jpg\" data-size=\"542x360\"><\/div>\n<div  class=\"overlay bg-color1\"><\/div>\n<div  class=\"swap-inner col-xs-12\">\n<div  class=\"row full-height-row middle-xs middle-sm\">\n<div  class=\"col-xs-12 text-center content-holder\"><\/div>\n<\/div>\n<\/div>\n<\/div>\n<h3  class=\"\" style=\"background: transparent; position: relative;\"><font  color=\"#000080\">Jesenovanje 2025 \u2013 Pernice<\/font><\/h3>\n<\/div>\n<div  class=\"col-xs-12 col-sm-3 no-gutter-col col-md-3\">\n<div  class=\"contentswap-effect\" data-hover-fx=\"portfolio-4\">\n<div  class=\"initial-image\"><img  decoding=\"async\" src=\"https:\/\/rsktaborniki.si\/wp-content\/uploads\/2025\/11\/cropped-561751241_1243750327779065_6745007913479243800_n.jpg\" data-size=\"542x360\"><\/div>\n<div  class=\"overlay bg-color1\"><\/div>\n<div  class=\"swap-inner col-xs-12\">\n<div  class=\"row full-height-row middle-xs middle-sm\">\n<div  class=\"col-xs-12 text-center content-holder\"><\/div>\n<\/div>\n<\/div>\n<\/div>\n<h3  class=\"\" style=\"background: transparent; position: relative;\"><font  color=\"#000080\">Tekmovanje GROF 2025<\/font><\/h3>\n<\/div>\n<div  class=\"col-xs-12 col-sm-3 no-gutter-col col-md-3\">\n<div  class=\"contentswap-effect\" data-hover-fx=\"portfolio-4\">\n<div  class=\"initial-image\"><img  decoding=\"async\" src=\"https:\/\/rsktaborniki.si\/wp-content\/uploads\/2025\/08\/cropped-cropped-531421402_1186147910205974_4966113219816598825_n.jpg\" data-size=\"542x360\"><\/div>\n<div  class=\"overlay bg-color1\"><\/div>\n<div  class=\"swap-inner col-xs-12\">\n<div  class=\"row full-height-row middle-xs middle-sm\">\n<div  class=\"col-xs-12 text-center content-holder\"><\/div>\n<\/div>\n<\/div>\n<\/div>\n<h3  class=\"\" style=\"background: transparent; position: relative;\">Zlet 2025 \u2013 Kras<\/h3>\n<\/div>\n<div  class=\"col-xs-12 col-sm-3 no-gutter-col col-md-3\">\n<div  class=\"contentswap-effect\" data-hover-fx=\"portfolio-4\">\n<div  class=\"initial-image\"><img  decoding=\"async\" src=\"https:\/\/rsktaborniki.si\/wp-content\/uploads\/2025\/08\/cropped-IMG-20250713-WA0002.jpg\" data-size=\"542x360\"><\/div>\n<div  class=\"overlay bg-color1\"><\/div>\n<div  class=\"swap-inner col-xs-12\">\n<div  class=\"row full-height-row middle-xs middle-sm\">\n<div  class=\"col-xs-12 text-center content-holder\"><\/div>\n<\/div>\n<\/div>\n<\/div>\n<h3  class=\"\" style=\"background: transparent; position: relative;\">Letni tabor 2025 \u2013 Gornji kot&nbsp;<\/h3>\n<\/div>\n<div  class=\"col-xs-12 col-sm-3 no-gutter-col col-md-3\">\n<div  class=\"contentswap-effect\" data-hover-fx=\"portfolio-4\">\n<div  class=\"initial-image\"><img  decoding=\"async\" src=\"https:\/\/rsktaborniki.si\/wp-content\/uploads\/2025\/05\/cropped-cropped-cropped-494761453_1101102078710558_5554627653830893539_n-1-1.jpg\" data-size=\"542x360\"><\/div>\n<div  class=\"overlay bg-color1\"><\/div>\n<div  class=\"swap-inner col-xs-12 cc_pointer\">\n<div  class=\"row full-height-row middle-xs middle-sm\">\n<div  class=\"col-xs-12 text-center content-holder\"><\/div>\n<\/div>\n<\/div>\n<\/div>\n<h3  class=\"\" style=\"background: transparent; position: relative;\"><font  color=\"#000080\">\u010cistilna akcija 2025<\/font><\/h3>\n<\/div>\n<div  class=\"col-xs-12 col-sm-3 no-gutter-col col-md-3\">\n<div  class=\"contentswap-effect\" data-hover-fx=\"portfolio-4\">\n<div  class=\"initial-image\"><img  decoding=\"async\" src=\"https:\/\/rsktaborniki.si\/wp-content\/uploads\/2025\/05\/cropped-cropped-493996904_1097798012374298_8974823376440697546_n.jpg\" data-size=\"542x360\"><\/div>\n<div  class=\"overlay bg-color1\"><\/div>\n<div  class=\"swap-inner col-xs-12\">\n<div  class=\"row full-height-row middle-xs middle-sm\">\n<div  class=\"col-xs-12 text-center content-holder\"><\/div>\n<\/div>\n<\/div>\n<\/div>\n<h3  class=\"\" style=\"background: transparent; position: relative;\"><font  color=\"#000080\">Dan tabornikov 2025<\/font><\/h3>\n<\/div>\n<div  class=\"col-xs-12 col-sm-3 no-gutter-col col-md-3\">\n<div  class=\"contentswap-effect\" style=\"position: relative; top: 0px; left: 0px;\" data-hover-fx=\"portfolio-4\">\n<div  class=\"initial-image\"><img  decoding=\"async\" src=\"https:\/\/rsktaborniki.si\/wp-content\/uploads\/2025\/05\/cropped-491962462_1091245193029580_6007296539152122406_n-1.jpg\" data-size=\"542x360\"><\/div>\n<div  class=\"overlay bg-color1\"><\/div>\n<div  class=\"swap-inner col-xs-12\">\n<div  class=\"row full-height-row middle-xs middle-sm\">\n<div  class=\"col-xs-12 text-center content-holder\"><\/div>\n<\/div>\n<\/div>\n<\/div>\n<h3  class=\"\" style=\"background: transparent; position: relative;\"><font  color=\"#000080\">Taborni\u0161ki fe\u0161tival 2025<\/font><\/h3>\n<\/div>\n<div  class=\"col-xs-12 col-sm-3 no-gutter-col col-md-3\">\n<div  class=\"contentswap-effect\" style=\"position: relative; top: 0px; left: 0px;\" data-hover-fx=\"portfolio-4\">\n<div  class=\"initial-image\"><img  decoding=\"async\" src=\"https:\/\/rsktaborniki.si\/wp-content\/uploads\/2025\/05\/cropped-489758421_1080328760787890_4582897426468892016_n.jpg\" data-size=\"542x360\"><\/div>\n<div  class=\"overlay bg-color1\"><\/div>\n<div  class=\"swap-inner col-xs-12\">\n<div  class=\"row full-height-row middle-xs middle-sm\">\n<div  class=\"col-xs-12 text-center content-holder\"><\/div>\n<\/div>\n<\/div>\n<\/div>\n<h3  class=\"\" style=\"background: transparent; position: relative;\"><span  style=\"color: #000080;\">Zimovanje 2025 \u2013 Pa\u0161ki Kozjak<\/span><\/h3>\n<\/div>\n<\/div>\n<\/div>\n<\/div><div  id=\"contact-1\" class=\"contact-1 content-section content-section-spacing white-text\" style=\"background-image: url('https:\/\/rsktaborniki.si\/wp-content\/uploads\/2017\/12\/dan-tabornikov-18.jpg'); background-size: cover; background-position: center top;\" data-label=\"Contact\" data-id=\"contact-1\" data-export-id=\"contact-1\" data-category=\"contact\" data-parallax-depth=\"20\">\n<div  class=\"gridContainer\">\n<div  class=\"row text-center\">\n<div  class=\"section-title-col\" data-type=\"column\">\n<h2  class=\"\" style=\"background: transparent; position: relative;\">Napi\u0161i nam sporo\u010dilo.<\/h2>\n<p  class=\"lead\">\u010ce imate kakr\u0161na koli vpra\u0161anja, ideje, predloge nam pi\u0161ite na info@rsktaborniki.si<\/p>\n\n<\/div>\n<\/div>\n<div  class=\"row text-center\">\n<div  class=\"col-xs-12 col-sm-8 col-sm-offset-2 contact-form-wrapper inline-info\">\n<div  class=\"card large-padding\">\n<div  class=\"\" data-content-shortcode=\"mesmerize_contact_form shortcode=&quot;contact-form-7 id=&amp;amp;quot;232&amp;amp;quot; title=&amp;amp;quot;Untitled&amp;amp;quot;&quot;\" data-editable=\"true\">\n<div class=\"wpcf7 no-js\" id=\"wpcf7-f232-o1\" lang=\"en-US\" dir=\"ltr\" data-wpcf7-id=\"232\">\n<div class=\"screen-reader-response\"><p role=\"status\" aria-live=\"polite\" aria-atomic=\"true\"><\/p> <ul><\/ul><\/div>\n<form action=\"\/index.php\/wp-json\/wp\/v2\/pages\/30#wpcf7-f232-o1\" method=\"post\" class=\"wpcf7-form init\" aria-label=\"Contact form\" novalidate=\"novalidate\" data-status=\"init\">\n<fieldset class=\"hidden-fields-container\"><input type=\"hidden\" name=\"_wpcf7\" value=\"232\" \/><input type=\"hidden\" name=\"_wpcf7_version\" value=\"6.1.3\" \/><input type=\"hidden\" name=\"_wpcf7_locale\" value=\"en_US\" \/><input type=\"hidden\" name=\"_wpcf7_unit_tag\" value=\"wpcf7-f232-o1\" \/><input type=\"hidden\" name=\"_wpcf7_container_post\" value=\"0\" \/><input type=\"hidden\" name=\"_wpcf7_posted_data_hash\" value=\"\" \/>\n<\/fieldset>\n<p><label> Va\u0161e ime:<br \/>\n<span class=\"wpcf7-form-control-wrap\" data-name=\"your-name\"><input size=\"40\" maxlength=\"400\" class=\"wpcf7-form-control wpcf7-text wpcf7-validates-as-required\" aria-required=\"true\" aria-invalid=\"false\" value=\"\" type=\"text\" name=\"your-name\" \/><\/span> <\/label>\n<\/p>\n<p><label> Va\u0161 mail: *<br \/>\n<span class=\"wpcf7-form-control-wrap\" data-name=\"your-email\"><input size=\"40\" maxlength=\"400\" class=\"wpcf7-form-control wpcf7-email wpcf7-validates-as-required wpcf7-text wpcf7-validates-as-email\" aria-required=\"true\" aria-invalid=\"false\" value=\"\" type=\"email\" name=\"your-email\" \/><\/span> <\/label>\n<\/p>\n<p><label> Tema:<br \/>\n<span class=\"wpcf7-form-control-wrap\" data-name=\"your-subject\"><input size=\"40\" maxlength=\"400\" class=\"wpcf7-form-control wpcf7-text\" aria-invalid=\"false\" value=\"\" type=\"text\" name=\"your-subject\" \/><\/span> <\/label>\n<\/p>\n<p><label> Sporo\u010dilo:*<br \/>\n<span class=\"wpcf7-form-control-wrap\" data-name=\"your-message\"><textarea cols=\"40\" rows=\"10\" maxlength=\"2000\" class=\"wpcf7-form-control wpcf7-textarea wpcf7-validates-as-required\" aria-required=\"true\" aria-invalid=\"false\" name=\"your-message\"><\/textarea><\/span> <\/label><br \/>\n<input class=\"wpcf7-form-control wpcf7-submit has-spinner\" id=\"contactSend\" type=\"submit\" value=\"Po\u0161lji\" \/>\n<\/p><p style=\"display: none !important;\" class=\"akismet-fields-container\" data-prefix=\"_wpcf7_ak_\"><label>&#916;<textarea name=\"_wpcf7_ak_hp_textarea\" cols=\"45\" rows=\"8\" maxlength=\"100\"><\/textarea><\/label><input type=\"hidden\" id=\"ak_js_1\" name=\"_wpcf7_ak_js\" value=\"30\"\/><script>document.getElementById( \"ak_js_1\" ).setAttribute( \"value\", ( new Date() ).getTime() );<\/script><\/p><div class=\"wpcf7-response-output\" aria-hidden=\"true\"><\/div>\n<\/form>\n<\/div>\n<\/div>\n<\/div>\n<\/div>\n<\/div>\n<\/div>\n<\/div><div  data-label=\"Clients\" data-id=\"clients--1\" data-export-id=\"clients-4\" data-category=\"clients\" class=\"clients-4 content-section content-section-spacing-small\" id=\"clients-1\" style=\"background-color: rgb(245, 250, 253);\"><div  class=\"gridContainer\"> <div  class=\"row\"><div  data-type=\"column\" class=\"section-title-col\"> <h2  class=\"font-700\" style=\"background: transparent; position: relative;\">PARTNERJI NA\u0160IH AKTIVNOSTI<\/h2> <img  decoding=\"async\" class=\"custom-image\" src=\"https:\/\/rsktaborniki.si\/wp-content\/uploads\/2025\/08\/cropped-Napisi-Delavnic-5-scaled-1.png\" title=\"Napisi Delavnic (5)\" alt=\"\"><\/div> <\/div> <div  data-type=\"row\" class=\"row spaced-cols middle-xs center-xs space-bottom padding-lr\">       <div  class=\"col-xs-6 col-sm-2 col-md-2\"> <\/div><div  class=\"col-xs-6 col-sm-2 col-md-2\"> <\/div><div  class=\"col-xs-6 col-sm-2 col-md-2\"> <\/div><div  class=\"col-xs-6 col-sm-2 col-md-2\"> <\/div><div  class=\"col-xs-6 col-sm-2 col-md-2\"> <\/div><div  class=\"col-xs-6 col-sm-2 col-md-2\"> <\/div><div  class=\"col-xs-6 col-sm-2 col-md-2\"> <\/div><div  class=\"col-xs-6 col-sm-2 col-md-2\"> <\/div><div  class=\"col-xs-6 col-sm-2 col-md-2\"> <\/div><div  class=\"col-xs-6 col-sm-2 col-md-2\"> <\/div><div  class=\"col-xs-6 col-sm-2 col-md-2\"> <\/div><div  class=\"col-xs-6 col-sm-2 col-md-2\"> <\/div><div  class=\"col-xs-6 col-sm-2 col-md-2\"> <\/div><div  class=\"col-xs-6 col-sm-2 col-md-2\"> <\/div><\/div><\/div> <\/div>","protected":false},"excerpt":{"rendered":"<p>KURIR\u010cKOVE NOVICE Klikni za ve\u010d novic KURIR\u010cKOVA GALERIJA Slike iz preteklih akcij. S klikom na se vam bo odprl album, kjer se nahja ve\u010d slik. Jesenovanje 2025 \u2013 Pernice Tekmovanje&hellip; <br \/> <a class=\"read-more\" href=\"https:\/\/rsktaborniki.si\/index.php\/2025\/12\/04\/3582\/\">Read more<\/a><\/p>\n","protected":false},"author":1,"featured_media":0,"parent":0,"menu_order":0,"comment_status":"closed","ping_status":"closed","template":"page-templates\/homepage.php","meta":{"footnotes":""},"class_list":["post-30","page","type-page","status-publish","hentry"],"_links":{"self":[{"href":"https:\/\/rsktaborniki.si\/index.php\/wp-json\/wp\/v2\/pages\/30","targetHints":{"allow":["GET"]}}],"collection":[{"href":"https:\/\/rsktaborniki.si\/index.php\/wp-json\/wp\/v2\/pages"}],"about":[{"href":"https:\/\/rsktaborniki.si\/index.php\/wp-json\/wp\/v2\/types\/page"}],"author":[{"embeddable":true,"href":"https:\/\/rsktaborniki.si\/index.php\/wp-json\/wp\/v2\/users\/1"}],"replies":[{"embeddable":true,"href":"https:\/\/rsktaborniki.si\/index.php\/wp-json\/wp\/v2\/comments?post=30"}],"version-history":[{"count":174,"href":"https:\/\/rsktaborniki.si\/index.php\/wp-json\/wp\/v2\/pages\/30\/revisions"}],"predecessor-version":[{"id":3615,"href":"https:\/\/rsktaborniki.si\/index.php\/wp-json\/wp\/v2\/pages\/30\/revisions\/3615"}],"wp:attachment":[{"href":"https:\/\/rsktaborniki.si\/index.php\/wp-json\/wp\/v2\/media?parent=30"}],"curies":[{"name":"wp","href":"https:\/\/api.w.org\/{rel}","templated":true}]}}