{"id":3782,"date":"2026-03-01T23:26:35","date_gmt":"2026-03-01T22:26:35","guid":{"rendered":"https:\/\/rsktaborniki.si\/?page_id=3782"},"modified":"2026-03-02T00:12:24","modified_gmt":"2026-03-01T23:12:24","slug":"propozicije-tekmovanja","status":"publish","type":"page","link":"https:\/\/rsktaborniki.si\/index.php\/propozicije-tekmovanja\/","title":{"rendered":"PROPOZICIJE TEKMOVANJA"},"content":{"rendered":"\n<p class=\"has-text-color has-link-color wp-elements-a619979a7142654f9b59791fda1b1ccc\" style=\"color:#005485\"><strong>SPLO\u0160NA\u00a0DOLO\u010cILA<\/strong><\/p>\n\n\n\n<p>1. \u010clen<\/p>\n\n\n\n<p>No\u010dno\u00a0orientacijo\u00a0Koro\u0161ke\u00a0(v nadaljevanju NOK) organizira Rod severni\u00a0kurir Slovenj Gradec. Tekmovanje je dvodnevno in se pri\u010dne v\u00a0soboto\u00a0zve\u010der\u00a0ter\u00a0kon\u010da v\u00a0nedeljo\u00a0zjutraj\u00a0in vsebuje orientacijski pohod, naloge iz orientacije in taborni\u0161tva ter zabavne panoge.\u00a0<gwmw style=\"display:none;\"><\/gwmw><\/p>\n\n\n\n<hr class=\"wp-block-separator has-alpha-channel-opacity\"\/>\n\n\n\n<p><gwmw style=\"display: none; background-color: transparent;\"><\/gwmw><gwmw style=\"display:none;\"><\/gwmw>2. \u010clen<\/p>\n\n\n\n<p>Vodstvo tekmovanja vsaj mesec dni pred tekmovanjem objavi razpis tekmovanja. Lokacijo tekmovanja se lahko objavi kasneje, vendar ne kasneje kot 14 dni pred tekmovanjem.&nbsp;<gwmw style=\"display:none;\"><\/gwmw><\/p>\n\n\n\n<hr class=\"wp-block-separator has-alpha-channel-opacity\"\/>\n\n\n\n<p>3. \u010clen<\/p>\n\n\n\n<p>Vse ekipe, ki tekmujejo, imajo mo\u017enost preno\u010ditve.&nbsp;<\/p>\n\n\n\n<hr class=\"wp-block-separator has-alpha-channel-opacity\"\/>\n\n\n\n<p>4. \u010clen<\/p>\n\n\n\n<p>Tekmuje se v kategorijah:&nbsp;<gwmw style=\"display:none;\"><\/gwmw><\/p>\n\n\n\n<ul class=\"wp-block-list\">\n<li>GG mlaj\u0161i (od 11 do 12 let)&nbsp;<\/li>\n\n\n\n<li>GG starej\u0161i (od 13 do 14 let)&nbsp;<\/li>\n\n\n\n<li>PP (od 16&nbsp;let naprej)&nbsp;<gwmw style=\"display:none;\"><\/gwmw><gwmw style=\"display:none;\"><\/gwmw><gwmw style=\"display:none;\"><\/gwmw><\/li>\n<\/ul>\n\n\n\n<hr class=\"wp-block-separator has-alpha-channel-opacity\"\/>\n\n\n\n<p>5. \u010clen<\/p>\n\n\n\n<p>Ekipe so lahko me\u0161ane.\u00a0<gwmw style=\"display:none;\"><\/gwmw><\/p>\n\n\n\n<hr class=\"wp-block-separator has-alpha-channel-opacity\"\/>\n\n\n\n<p>6. \u010clen<\/p>\n\n\n\n<p>Starost tekmovalcev se ra\u010duna po koledarskem letu. V ekipi lahko en \u010dlan odstopa od predpisane starosti, vendar samo za eno leto. Kot potrdilo o starosti velja osebni dokument s sliko ali \u010dlanska izkaznica ZTS.\u00a0<gwmw style=\"display:none;\"><\/gwmw><\/p>\n\n\n\n<hr class=\"wp-block-separator has-alpha-channel-opacity\"\/>\n\n\n\n<p>7. \u010clen<\/p>\n\n\n\n<p>Ekipa\u00a0\u0161teje\u00a0\u0161tiri\u00a0\u010dlane. Tekmujejo lahko tudi tri\u010dlanske in pet\u010dlanske ekipe.\u00a0<gwmw style=\"display: none; background-color: transparent;\"><\/gwmw><\/p>\n\n\n\n<hr class=\"wp-block-separator has-alpha-channel-opacity\"\/>\n\n\n\n<p>8. \u010clen<\/p>\n\n\n\n<p>Tekmovanje poteka v skladu s taborni\u0161kimi zakoni. Organizator si pridr\u017euje pravico, da kr\u0161itelja diskvalificira.\u00a0<gwmw style=\"display:none;\"><\/gwmw><\/p>\n\n\n\n<hr class=\"wp-block-separator has-alpha-channel-opacity\"\/>\n\n\n\n<p>9. \u010clen<\/p>\n\n\n\n<p>Vsi tekmovalci tekmujejo na lastno odgovornost.\u00a0<\/p>\n\n\n\n<hr class=\"wp-block-separator has-alpha-channel-opacity\"\/>\n\n\n\n<p>10. \u010clen<\/p>\n\n\n\n<p>Vsi tekmovalci morajo s seboj prinesti veljavno zdravstveno izkaznico, osebni dokument ter podpisano izjavo o sodelovanju na tekmovanju. Izjavo mladoletnih tekmovalcev podpi\u0161ejo star\u0161i ali skrbniki<gwmw style=\"display:none;\"><\/gwmw><\/p>\n\n\n\n<hr class=\"wp-block-separator has-alpha-channel-opacity\"\/>\n\n\n\n<p>11. \u010clen<\/p>\n\n\n\n<p>Organizator lahko\u00a0s tehtnim\u00a0razlogom\u00a0NOK\u00a0odpove ali prestavi.<gwmw style=\"display: none; background-color: transparent;\"><\/gwmw><gwmw style=\"display:none;\"><\/gwmw><\/p>\n\n\n\n<hr class=\"wp-block-separator has-alpha-channel-opacity\"\/>\n\n\n\n<p><\/p>\n\n\n\n<p class=\"has-text-color has-link-color wp-elements-27a37da8480a9bc3d846828a95c6b5ae\" style=\"color:#005485\"><strong>POGOJI TEKMOVANJA<\/strong><\/p>\n\n\n\n<p>12. \u010clen<\/p>\n\n\n\n<p>Rod mora svoje ekipe\u00a0prijaviti v roku, ki ga je dolo\u010dil organizator. Prijave potekajo preko spleta. Izpolnjeno obvezo o vedenju \u010dlanov ekipe v skladu s taborni\u0161kimi zakoni, ki mora vsebovati rodov \u017eig in podpis na\u010delnika oziroma\u00a0stare\u0161ine rodu,\u00a0skenirajte\u00a0in po\u0161ljite po elektronski po\u0161ti ali oddajte na prijavah na dan tekmovanja.\u00a0<\/p>\n\n\n\n<hr class=\"wp-block-separator has-alpha-channel-opacity\"\/>\n\n\n\n<p>13. \u010clen<\/p>\n\n\n\n<p>Vodja ekipe pri prijavi na samem tekmovanju predlo\u017ei zdravstvene in taborni\u0161ke izkaznice \u010dlanov ekipe.\u00a0<\/p>\n\n\n\n<hr class=\"wp-block-separator has-alpha-channel-opacity\"\/>\n\n\n\n<p>14. \u010clen<\/p>\n\n\n\n<p>Vodja ekipe se po zboru ekip udele\u017ei sestanka vodij ekip, kjer se iz\u017ereba \u0161tartne \u0161tevilke.\u00a0<\/p>\n\n\n\n<hr class=\"wp-block-separator has-alpha-channel-opacity\"\/>\n\n\n\n<p>15. \u010clen<\/p>\n\n\n\n<p>Izpolnjena izjava za mladoletne je obvezna za vse mladoletne udele\u017eence tekmovanja. Tekmovalci jo oddajo na prijavah na dan tekmovanja. Brez izjave mladoletni tekmovalci ne morejo tekmovati.\u00a0<gwmw style=\"display:none;\"><\/gwmw><\/p>\n\n\n\n<hr class=\"wp-block-separator has-alpha-channel-opacity\"\/>\n\n\n\n<p>16. \u010clen<\/p>\n\n\n\n<p>Na vse kontrolne to\u010dke morajo priti vsi \u010dlani ekipe.\u00a0<gwmw style=\"display:none;\"><\/gwmw><\/p>\n\n\n\n<hr class=\"wp-block-separator has-alpha-channel-opacity\"\/>\n\n\n\n<p>17. \u010clen <\/p>\n\n\n\n<p>Ekipa mora kontrolne to\u010dke (KT) na progi pobirati v pravilnem vrstnem redu. V nasprotnem primeru se KT, po katero\u00a0se je ekipa vrnila, ne \u0161teje.\u00a0<\/p>\n\n\n\n<hr class=\"wp-block-separator has-alpha-channel-opacity\"\/>\n\n\n\n<p>18. \u010clen<\/p>\n\n\n\n<p>Proga poteka na dr\u017eavni topografski karti 1:25.000. Ekipa prejme vsaj\u00a0en\u00a0barvni izvod karte ob \u0161tartu na progo.\u00a0<\/p>\n\n\n\n<hr class=\"wp-block-separator has-alpha-channel-opacity\"\/>\n\n\n\n<p>19. \u010clen<\/p>\n\n\n\n<p>Ekipa naloge re\u0161uje skupno, razen v primerih, ko je posebej dolo\u010deno druga\u010de.\u00a0<gwmw style=\"display:none;\"><\/gwmw><\/p>\n\n\n\n<hr class=\"wp-block-separator has-alpha-channel-opacity\"\/>\n\n\n\n<p>20. \u010clen<\/p>\n\n\n\n<p>Ekipa je diskvalificirana, \u010de prekora\u010di\u00a0dvakratnik predvidenega \u010dasa.\u00a0<gwmw style=\"display:none;\"><\/gwmw><\/p>\n\n\n\n<hr class=\"wp-block-separator has-alpha-channel-opacity\"\/>\n\n\n\n<p>21. \u010clen<\/p>\n\n\n\n<p>Topografski test se re\u0161uje pred odhodom na orientacijski pohod.\u00a0<gwmw style=\"display:none;\"><\/gwmw><\/p>\n\n\n\n<hr class=\"wp-block-separator has-alpha-channel-opacity\"\/>\n\n\n\n<p class=\"has-text-color has-link-color wp-elements-ff8e172ee102b5c4c01fd866a92a364e\" style=\"color:#005485\"><strong>OPREMA <\/strong><\/p>\n\n\n\n<p>22. \u010clen<\/p>\n\n\n\n<p>Ekipa naj ima s seboj (obvezno):\u00a0<\/p>\n\n\n\n<ul class=\"wp-block-list\">\n<li>busolo\u00a0ali kompas\u00a0<\/li>\n\n\n\n<li>Odsevni jopi\u010d, kresni\u010dko ali trak (vsaj trije v ekipi)\u00a0<\/li>\n\n\n\n<li>pribor za vrisovanje\u00a0<\/li>\n\n\n\n<li>Svetilko (Najve\u010d dve na ekipo)<\/li>\n<\/ul>\n\n\n\n<p>Vsak tekmovalec naj ima:\u00a0<\/p>\n\n\n\n<ul class=\"wp-block-list\">\n<li>taborni\u0161ki kroj in\u00a0uradno\u00a0rutico ZTS\u00a0(obvezno)\u00a0<\/li>\n\n\n\n<li>delujo\u010do\u00a0baterijsko svetilko\u00a0<\/li>\n\n\n\n<li>pi\u0161\u010dalko\u00a0<\/li>\n\n\n\n<li>spalno vre\u010do\u00a0in\u00a0podlogo za spanje\u00a0<\/li>\n\n\n\n<li>copate\u00a0<\/li>\n\n\n\n<li>primerno obleko in obutev\u00a0<\/li>\n\n\n\n<li>mena\u017eko\u00a0in\u00a0jedilni\u00a0pribor\u00a0<\/li>\n\n\n\n<li>\u010dutaro\u00a0<\/li>\n\n\n\n<li>zdravstveno, taborni\u0161ko in osebno izkaznico ali potni list\u00a0<\/li>\n\n\n\n<li>delujo\u010d mobilni telefon (vsaj en tekmovalec v ekipi)\u00a0<gwmw style=\"display: none; background-color: transparent;\"><\/gwmw><gwmw style=\"display: none; background-color: transparent;\"><\/gwmw><gwmw style=\"display: none; background-color: transparent;\"><\/gwmw><gwmw style=\"display: none; background-color: transparent;\"><\/gwmw><gwmw style=\"display:none;\"><\/gwmw><gwmw style=\"display:none;\"><\/gwmw><gwmw style=\"display:none;\"><\/gwmw><gwmw style=\"display:none;\"><\/gwmw><gwmw style=\"display:none;\"><\/gwmw><gwmw style=\"display:none;\"><\/gwmw><gwmw style=\"display:none;\"><\/gwmw><\/li>\n<\/ul>\n\n\n\n<hr class=\"wp-block-separator has-alpha-channel-opacity\"\/>\n\n\n\n<p class=\"has-text-color has-link-color wp-elements-ee969b8c0751cfce47d35940c4bb3889\" style=\"color:#005485\"><strong>NALOGE NA TEKMOVANJU <\/strong><\/p>\n\n\n\n<p>ORIENTACIJSKI POHOD<\/p>\n\n\n\n<p>Kontrolne to\u010dke so \u201c\u017eive\u201d ali \u201cmrtve\u201d.&nbsp;\u017dive in mrtve&nbsp;KT&nbsp;ozna\u010duje&nbsp;tristrana prizma velikosti 30 x 30 cm, katere stranice so po diagonali razdeljene na belo in oran\u017eno polje. \u017divo&nbsp;KT&nbsp;overi kontrolor, ki je na KT. Poleg prizme&nbsp;na mrtvi&nbsp;KT&nbsp;je name\u0161\u010deno belo odsevno telo (kresni\u010dka), ki odbija svetlobo na vse strani. Prihod na&nbsp;mrtvo&nbsp;KT se potrdi z elektronskim&nbsp;perforiranjem.&nbsp;Na \u017eivih KT kontrolor pripi\u0161e \u0161tevilo dose\u017eenih to\u010dk na \u0161tartni list ekipe. \u010carovnica je dolo\u010dena na za\u010detku tekmovanja. Za vsako minuto zamude dobi ekipa&nbsp;eno&nbsp;negativno&nbsp;to\u010dko. Vsaka&nbsp;KT&nbsp;\u0161teje&nbsp;50&nbsp;to\u010dk. O \u0161tevilu KT so obve\u0161\u010dene vodje ekipe na sestanku vodij ekip, na dan tekmovanja.&nbsp;<\/p>\n\n\n\n<p>Mo\u017eno \u0161tevilo to\u010dk: GG \u2053 400 to\u010dk, PP+ \u2053\u00a0\u00a0500\u00a0to\u010dk\u00a0<\/p>\n\n\n\n<p>Ekipa kon\u010da orientacijski pohod, ko prispejo na cilj vsi \u010dlani ekipe, odda \u0161tartni karton in se elektronsko perforira.\u00a0<\/p>\n\n\n\n<p>TOPOGRAFSKI TEST<\/p>\n\n\n\n<p>Test iz topografije se re\u0161uje pred&nbsp;tekmovanjem. Vsak \u010dlan pisno odgovarja na samo en test, ki je sestavljen iz petih vpra\u0161anj s podro\u010dja topografije in orientacije. Mo\u017eno je dose\u010di&nbsp;deset&nbsp;to\u010dk. \u010cas re\u0161evanja je omejen na&nbsp;pet&nbsp;minut.&nbsp;V primeru, da ekipa \u0161teje&nbsp;tri&nbsp;\u010dlane, lahko najhitrej\u0161i \u010dlan re\u0161i tudi&nbsp;\u010detrti&nbsp;test.&nbsp;Pet\u010dlanska ekipa izbere&nbsp;\u0161tiri&nbsp;\u010dlane, ki bodo re\u0161evali test.&nbsp;<\/p>\n\n\n\n<p>Mo\u017eno \u0161tevilo to\u010dk:\u00a040 to\u010dk\u00a0<\/p>\n\n\n\n<p>KURJENJE OGNJA<\/p>\n\n\n\n<p>Ekipa mora na KT zakuriti ogenj v \u010dim kraj\u0161em \u010dasu. Za kurjenje ognja lahko uporabi katerikoli&nbsp;naravni material iz okolice.&nbsp;&nbsp;Za opravljeno nalogo je&nbsp;dovolj samo zakuriti ogenj, ne postaviti&nbsp;ognji\u0161\u010da. Ogenj, ki ga zakurijo,&nbsp;mora pre\u017egati vrv na 15 centimetrih vi\u0161ine.&nbsp;<\/p>\n\n\n\n<p>Mo\u017eno \u0161tevilo to\u010dk:\u00a030 to\u010dk\u00a0<gwmw style=\"display: none; background-color: transparent;\"><\/gwmw><gwmw style=\"display:none;\"><\/gwmw><\/p>\n\n\n\n<p>PREHOD MINSKEGA POLJA<\/p>\n\n\n\n<p>Prehod minskega polja se izvaja na eni od kontrolnih to\u010dk. Ekipa prehodi polje s petimi koti in petimi razdaljami. Za odstopanje v krogu do en meter lahko ekipa nadaljuje z opravljanjem naloge. \u010ce ekipa odstopa ve\u010d kot en meter, ne more nadaljevati z opravljanjem naloge. Vsaka pravilno dolo\u010dena to\u010dka prinese ekipi 20 to\u010dk. Ekipa lahko hodi preko minskega polja najve\u010d deset minut.<\/p>\n\n\n\n<p>Mo\u017eno \u0161tevil to\u010dk: 100 to\u010dk<\/p>\n\n\n\n<p>BOOM<\/p>\n\n\n\n<p>Podobno minskemu polju, namenjena je le GG-jem. Po gozdu so postavljeni listki s \u010drkami. Ekipa po istem principu kot za minsko polje (\u0161tiri&nbsp;razdalje in&nbsp;\u0161tirje&nbsp;koti) i\u0161\u010de posamezne bombe, ki so ozna\u010dene s \u010drkami. Vsaka pravilna \u010drka prinese 20 to\u010dk, dokler ekipa ne zgre\u0161i pravilne \u010drke. \u010crke so med seboj oddaljene vsaj en meter. \u010casa za nalogo je&nbsp;deset&nbsp;minut&nbsp;in&nbsp;je v\u0161tet&nbsp;v&nbsp;\u010dasovnico. Po&nbsp;desetih&nbsp;minutah mora ekipa prenehati z merjenjem.&nbsp;<\/p>\n\n\n\n<p>Mo\u017eno \u0161tevilo to\u010dk: 80\u00a0to\u010dk\u00a0<\/p>\n\n\n\n<p>SIGNALIZACIJA<\/p>\n\n\n\n<p>Na KT dobi skupina navodila,&nbsp;kako opraviti nalogo. V navodilih je zapisano, da mora ekipa&nbsp;deset&nbsp;sekund z lu\u010dko svetiti v podani azimut,&nbsp;od koder dobijo signal kontrolorja, da lahko z nalogo za\u010dnejo, ko jim ta posveti z lu\u010dko nazaj. Kontrolor jim odda kraj\u0161o poved ali vpra\u0161anje,&nbsp;na&nbsp;katerega&nbsp;mu odgovorijo. Signalizacija poteka z lu\u010dkami.&nbsp;<\/p>\n\n\n\n<p>Mo\u017eno \u0161tevilo to\u010dk:\u00a020 to\u010dk\u00a0<\/p>\n\n\n\n<p>VRISOVANJE KT TO\u010cKE<\/p>\n\n\n\n<p>Ekipa mora na eni&nbsp;izmed&nbsp;KT&nbsp;vrisati naslednjo&nbsp;KT. \u010cas vrisovanja&nbsp;je&nbsp;deset&nbsp;minut. Po tem \u010dasu kontrolor pregleda karte in ozna\u010di ali je bila&nbsp;KT pravilno vrisana.&nbsp;<\/p>\n\n\n\n<p>Mo\u017eno \u0161tevilo to\u010dk:\u00a020 to\u010dk\u00a0<\/p>\n\n\n\n<p>KDOR ZNA ZNA<\/p>\n\n\n\n<p>Na KT jih \u010daka&nbsp;nabor vpra\u0161anj in nalog iz vseh podro\u010dij. Za odgovore imajo&nbsp;pet&nbsp;minut \u010dasa, da odgovorijo na vsa vpra\u0161anja kontrolorju.&nbsp;<\/p>\n\n\n\n<p>Mo\u017eno \u0161tevilo to\u010dk:\u00a010\u00a0to\u010dk\u00a0<\/p>\n\n\n\n<p>SKRITI KT<\/p>\n\n\n\n<p>Med dvema KT morajo najti KT, ki ni vrisana&nbsp;na originalni karti, ki jo dobijo na \u0161tartu. Pot na kateri se nahaja skrita&nbsp;KT,&nbsp;je ozna\u010dena na posebni&nbsp;karti, ki jo dobijo na \u0161tartu.&nbsp;<\/p>\n\n\n\n<p>Mo\u017eno \u0161tevilo to\u010dk:\u00a020 to\u010dk\u00a0<\/p>\n\n\n\n<hr class=\"wp-block-separator has-alpha-channel-opacity\"\/>\n\n\n\n<p class=\"has-text-color has-link-color wp-elements-da6781e2b24a2c9718169bb5eec7ece9\" style=\"color:#005485\"><strong>DISKVALIFIKACIJE<\/strong><\/p>\n\n\n\n<p>23. \u010clen\u00a0<\/p>\n\n\n\n<p>Ekipa je diskvalificirana, \u010de med orientacijskim pohodom uporablja prevozna sredstva, \u010de prekora\u010di dvakratnik predvidenega \u010dasa ali \u010de kr\u0161i pravila in \u010de se vede\u00a0netaborni\u0161ko.\u00a0<\/p>\n\n\n\n<p>24. \u010clen<\/p>\n\n\n\n<p>Ekipa, ki v dolo\u010deni starostni kategoriji zbere najve\u010d to\u010dk, je zmagovalna ekipa. Prvim trem ekipam v posamezni kategoriji se podelijo nagrade, vsaka ekipa prejme diplomo o sodelovanju.\u00a0<gwmw style=\"display: none; background-color: transparent;\"><\/gwmw><\/p>\n\n\n\n<p><gwmw style=\"display:none;\"><\/gwmw><\/p>\n\n\n\n<p><gwmw style=\"display:none;\"><\/gwmw><\/p>\n","protected":false},"excerpt":{"rendered":"<p>SPLO\u0160NA\u00a0DOLO\u010cILA 1. \u010clen No\u010dno\u00a0orientacijo\u00a0Koro\u0161ke\u00a0(v nadaljevanju NOK) organizira Rod severni\u00a0kurir Slovenj Gradec. Tekmovanje je dvodnevno in se pri\u010dne v\u00a0soboto\u00a0zve\u010der\u00a0ter\u00a0kon\u010da v\u00a0nedeljo\u00a0zjutraj\u00a0in vsebuje orientacijski pohod, naloge iz orientacije in taborni\u0161tva ter zabavne panoge.\u00a0&hellip; <br \/> <a class=\"read-more\" href=\"https:\/\/rsktaborniki.si\/index.php\/propozicije-tekmovanja\/\">Read more<\/a><\/p>\n","protected":false},"author":2,"featured_media":0,"parent":0,"menu_order":0,"comment_status":"closed","ping_status":"closed","template":"","meta":{"footnotes":""},"class_list":["post-3782","page","type-page","status-publish","hentry"],"_links":{"self":[{"href":"https:\/\/rsktaborniki.si\/index.php\/wp-json\/wp\/v2\/pages\/3782","targetHints":{"allow":["GET"]}}],"collection":[{"href":"https:\/\/rsktaborniki.si\/index.php\/wp-json\/wp\/v2\/pages"}],"about":[{"href":"https:\/\/rsktaborniki.si\/index.php\/wp-json\/wp\/v2\/types\/page"}],"author":[{"embeddable":true,"href":"https:\/\/rsktaborniki.si\/index.php\/wp-json\/wp\/v2\/users\/2"}],"replies":[{"embeddable":true,"href":"https:\/\/rsktaborniki.si\/index.php\/wp-json\/wp\/v2\/comments?post=3782"}],"version-history":[{"count":10,"href":"https:\/\/rsktaborniki.si\/index.php\/wp-json\/wp\/v2\/pages\/3782\/revisions"}],"predecessor-version":[{"id":3802,"href":"https:\/\/rsktaborniki.si\/index.php\/wp-json\/wp\/v2\/pages\/3782\/revisions\/3802"}],"wp:attachment":[{"href":"https:\/\/rsktaborniki.si\/index.php\/wp-json\/wp\/v2\/media?parent=3782"}],"curies":[{"name":"wp","href":"https:\/\/api.w.org\/{rel}","templated":true}]}}